{"id":458,"date":"2020-08-20T22:56:23","date_gmt":"2020-08-20T22:56:23","guid":{"rendered":"http:\/\/modeloqa.formaciondual.sems.gob.mx\/exitos\/?page_id=458"},"modified":"2020-10-27T23:23:49","modified_gmt":"2020-10-27T23:23:49","slug":"cbtis-59","status":"publish","type":"page","link":"http:\/\/modeloqa.formaciondual.sems.gob.mx\/exitos\/cbtis-59\/","title":{"rendered":"CBTIS 59"},"content":{"rendered":"\t\t<div data-elementor-type=\"wp-page\" data-elementor-id=\"458\" class=\"elementor elementor-458\" data-elementor-settings=\"[]\">\n\t\t\t<div class=\"elementor-inner\">\n\t\t\t\t<div class=\"elementor-section-wrap\">\n\t\t\t\t\t\t\t<section class=\"elementor-element elementor-element-2675073 elementor-section-boxed elementor-section-height-default elementor-section-height-default elementor-section elementor-top-section\" data-id=\"2675073\" data-element_type=\"section\">\n\t\t\t\t\t\t<div class=\"elementor-container elementor-column-gap-default\">\n\t\t\t\t<div class=\"elementor-row\">\n\t\t\t\t<div class=\"elementor-element elementor-element-a59e1c9 elementor-column elementor-col-100 elementor-top-column\" data-id=\"a59e1c9\" data-element_type=\"column\">\n\t\t\t<div class=\"elementor-column-wrap  elementor-element-populated\">\n\t\t\t\t\t<div class=\"elementor-widget-wrap\">\n\t\t\t\t<div class=\"elementor-element elementor-element-33970ec elementor-widget elementor-widget-divider\" data-id=\"33970ec\" data-element_type=\"widget\" data-widget_type=\"divider.default\">\n\t\t\t\t<div class=\"elementor-widget-container\">\n\t\t\t\t\t<div class=\"elementor-divider\">\n\t\t\t<span class=\"elementor-divider-separator\">\n\t\t\t\t\t\t<\/span>\n\t\t<\/div>\n\t\t\t\t<\/div>\n\t\t\t\t<\/div>\n\t\t\t\t\t\t<\/div>\n\t\t\t<\/div>\n\t\t<\/div>\n\t\t\t\t\t\t<\/div>\n\t\t\t<\/div>\n\t\t<\/section>\n\t\t\t\t<section class=\"elementor-element elementor-element-6fb05e2 elementor-section-boxed elementor-section-height-default elementor-section-height-default elementor-section elementor-top-section\" data-id=\"6fb05e2\" data-element_type=\"section\">\n\t\t\t\t\t\t<div class=\"elementor-container elementor-column-gap-default\">\n\t\t\t\t<div class=\"elementor-row\">\n\t\t\t\t<div class=\"elementor-element elementor-element-07b7e28 elementor-column elementor-col-100 elementor-top-column\" data-id=\"07b7e28\" data-element_type=\"column\">\n\t\t\t<div class=\"elementor-column-wrap  elementor-element-populated\">\n\t\t\t\t\t<div class=\"elementor-widget-wrap\">\n\t\t\t\t<div class=\"elementor-element elementor-element-db77444 elementor-widget elementor-widget-heading\" data-id=\"db77444\" data-element_type=\"widget\" data-widget_type=\"heading.default\">\n\t\t\t\t<div class=\"elementor-widget-container\">\n\t\t\t<h2 class=\"elementor-heading-title elementor-size-default\">\u00c1reas<\/h2>\t\t<\/div>\n\t\t\t\t<\/div>\n\t\t\t\t\t\t<\/div>\n\t\t\t<\/div>\n\t\t<\/div>\n\t\t\t\t\t\t<\/div>\n\t\t\t<\/div>\n\t\t<\/section>\n\t\t\t\t<section class=\"elementor-element elementor-element-e059ae0 elementor-section-boxed elementor-section-height-default elementor-section-height-default elementor-section elementor-top-section\" data-id=\"e059ae0\" data-element_type=\"section\">\n\t\t\t\t\t\t<div class=\"elementor-container elementor-column-gap-default\">\n\t\t\t\t<div class=\"elementor-row\">\n\t\t\t\t<div class=\"elementor-element elementor-element-0145258 elementor-column elementor-col-33 elementor-top-column\" data-id=\"0145258\" data-element_type=\"column\">\n\t\t\t<div class=\"elementor-column-wrap  elementor-element-populated\">\n\t\t\t\t\t<div class=\"elementor-widget-wrap\">\n\t\t\t\t<div class=\"elementor-element elementor-element-6b027f5 elementor-widget elementor-widget-text-editor\" data-id=\"6b027f5\" data-element_type=\"widget\" data-widget_type=\"text-editor.default\">\n\t\t\t\t<div class=\"elementor-widget-container\">\n\t\t\t\t\t<div class=\"elementor-text-editor elementor-clearfix\"><p style=\"text-align: left;\">Administraci\u00f3n de Recursos Humanos.<\/p><p style=\"text-align: left;\">Log\u00edstica.<\/p><p style=\"text-align: left;\">Programaci\u00f3n.<\/p><p style=\"text-align: left;\">Mecatr\u00f3nica.<\/p><\/div>\n\t\t\t\t<\/div>\n\t\t\t\t<\/div>\n\t\t\t\t\t\t<\/div>\n\t\t\t<\/div>\n\t\t<\/div>\n\t\t\t\t<div class=\"elementor-element elementor-element-18d449f elementor-column elementor-col-33 elementor-top-column\" data-id=\"18d449f\" data-element_type=\"column\">\n\t\t\t<div class=\"elementor-column-wrap\">\n\t\t\t\t\t<div class=\"elementor-widget-wrap\">\n\t\t\t\t\t\t<\/div>\n\t\t\t<\/div>\n\t\t<\/div>\n\t\t\t\t<div class=\"elementor-element elementor-element-d55e988 elementor-column elementor-col-33 elementor-top-column\" data-id=\"d55e988\" data-element_type=\"column\">\n\t\t\t<div class=\"elementor-column-wrap  elementor-element-populated\">\n\t\t\t\t\t<div class=\"elementor-widget-wrap\">\n\t\t\t\t<div class=\"elementor-element elementor-element-9611b59 elementor-widget elementor-widget-image-gallery\" data-id=\"9611b59\" data-element_type=\"widget\" data-widget_type=\"image-gallery.default\">\n\t\t\t\t<div class=\"elementor-widget-container\">\n\t\t\t\t\t<div class=\"elementor-image-gallery\">\n\t\t\t<div id='gallery-1' class='gallery galleryid-458 gallery-columns-1 gallery-size-large'><figure class='gallery-item'>\n\t\t\t<div class='gallery-icon landscape'>\n\t\t\t\t<a data-elementor-open-lightbox=\"no\" href='http:\/\/modeloqa.formaciondual.sems.gob.mx\/exitos\/wp-content\/uploads\/2020\/08\/evidenciaCBTIS59-2.png'><img width=\"271\" height=\"182\" src=\"http:\/\/modeloqa.formaciondual.sems.gob.mx\/exitos\/wp-content\/uploads\/2020\/08\/evidenciaCBTIS59-2.png\" class=\"attachment-large size-large\" alt=\"\" loading=\"lazy\" \/><\/a>\n\t\t\t<\/div><\/figure><figure class='gallery-item'>\n\t\t\t<div class='gallery-icon landscape'>\n\t\t\t\t<a data-elementor-open-lightbox=\"no no\" href='http:\/\/modeloqa.formaciondual.sems.gob.mx\/exitos\/wp-content\/uploads\/2020\/08\/evidenciaCBTIS59.png'><img width=\"270\" height=\"182\" src=\"http:\/\/modeloqa.formaciondual.sems.gob.mx\/exitos\/wp-content\/uploads\/2020\/08\/evidenciaCBTIS59.png\" class=\"attachment-large size-large\" alt=\"\" loading=\"lazy\" \/><\/a>\n\t\t\t<\/div><\/figure>\n\t\t<\/div>\n\t\t<\/div>\n\t\t\t\t<\/div>\n\t\t\t\t<\/div>\n\t\t\t\t\t\t<\/div>\n\t\t\t<\/div>\n\t\t<\/div>\n\t\t\t\t\t\t<\/div>\n\t\t\t<\/div>\n\t\t<\/section>\n\t\t\t\t<section class=\"elementor-element elementor-element-030cd73 elementor-section-boxed elementor-section-height-default elementor-section-height-default elementor-section elementor-top-section\" data-id=\"030cd73\" data-element_type=\"section\">\n\t\t\t\t\t\t<div class=\"elementor-container elementor-column-gap-default\">\n\t\t\t\t<div class=\"elementor-row\">\n\t\t\t\t<div class=\"elementor-element elementor-element-435c1e3 elementor-column elementor-col-100 elementor-top-column\" data-id=\"435c1e3\" data-element_type=\"column\">\n\t\t\t<div class=\"elementor-column-wrap  elementor-element-populated\">\n\t\t\t\t\t<div class=\"elementor-widget-wrap\">\n\t\t\t\t<div class=\"elementor-element elementor-element-8af2c43 elementor-widget elementor-widget-text-editor\" data-id=\"8af2c43\" data-element_type=\"widget\" data-widget_type=\"text-editor.default\">\n\t\t\t\t<div class=\"elementor-widget-container\">\n\t\t\t\t\t<div class=\"elementor-text-editor elementor-clearfix\"><ul><li>La Empresa ESSITY: Establece una beca para capacitar a cuatro alumnos del \u00e1rea de Mecatr\u00f3nica y adecua un \u00e1rea de capacitaci\u00f3n espec\u00edfica para los alumnos.<\/li><li>La empresa MILAND: Otorga beca de capacitaci\u00f3n a dos alumnos del \u00e1rea de Mecatr\u00f3nica.<\/li><li>BOMBARDIER: Oferta puesto de Jefatura de \u00e1rea Log\u00edstica a una alumna.<\/li><li>16 alumnos perciben apoyo econ\u00f3mico semanal, por las empresas que a continuaci\u00f3n se muestran.<\/li><\/ul><\/div>\n\t\t\t\t<\/div>\n\t\t\t\t<\/div>\n\t\t\t\t\t\t<\/div>\n\t\t\t<\/div>\n\t\t<\/div>\n\t\t\t\t\t\t<\/div>\n\t\t\t<\/div>\n\t\t<\/section>\n\t\t\t\t<section class=\"elementor-element elementor-element-d7d23fc elementor-section-boxed elementor-section-height-default elementor-section-height-default elementor-section elementor-top-section\" data-id=\"d7d23fc\" data-element_type=\"section\">\n\t\t\t\t\t\t<div class=\"elementor-container elementor-column-gap-default\">\n\t\t\t\t<div class=\"elementor-row\">\n\t\t\t\t<div class=\"elementor-element elementor-element-cf10e44 elementor-column elementor-col-100 elementor-top-column\" data-id=\"cf10e44\" data-element_type=\"column\">\n\t\t\t<div class=\"elementor-column-wrap  elementor-element-populated\">\n\t\t\t\t\t<div class=\"elementor-widget-wrap\">\n\t\t\t\t<div class=\"elementor-element elementor-element-14064b4 elementor-widget elementor-widget-spacer\" data-id=\"14064b4\" data-element_type=\"widget\" data-widget_type=\"spacer.default\">\n\t\t\t\t<div class=\"elementor-widget-container\">\n\t\t\t\t\t<div class=\"elementor-spacer\">\n\t\t\t<div class=\"elementor-spacer-inner\"><\/div>\n\t\t<\/div>\n\t\t\t\t<\/div>\n\t\t\t\t<\/div>\n\t\t\t\t\t\t<\/div>\n\t\t\t<\/div>\n\t\t<\/div>\n\t\t\t\t\t\t<\/div>\n\t\t\t<\/div>\n\t\t<\/section>\n\t\t\t\t<section class=\"elementor-element elementor-element-6ea12d5 elementor-section-boxed elementor-section-height-default elementor-section-height-default elementor-section elementor-top-section\" data-id=\"6ea12d5\" data-element_type=\"section\">\n\t\t\t\t\t\t<div class=\"elementor-container elementor-column-gap-default\">\n\t\t\t\t<div class=\"elementor-row\">\n\t\t\t\t<div class=\"elementor-element elementor-element-72d00fe elementor-column elementor-col-16 elementor-top-column\" data-id=\"72d00fe\" data-element_type=\"column\">\n\t\t\t<div class=\"elementor-column-wrap  elementor-element-populated\">\n\t\t\t\t\t<div class=\"elementor-widget-wrap\">\n\t\t\t\t<div class=\"elementor-element elementor-element-63e1700 elementor-widget elementor-widget-image\" data-id=\"63e1700\" data-element_type=\"widget\" data-widget_type=\"image.default\">\n\t\t\t\t<div class=\"elementor-widget-container\">\n\t\t\t\t\t<div class=\"elementor-image\">\n\t\t\t\t\t\t\t\t\t\t<img width=\"640\" height=\"316\" src=\"http:\/\/modeloqa.formaciondual.sems.gob.mx\/exitos\/wp-content\/uploads\/2020\/08\/DSFIndustrias.jpg\" class=\"attachment-large size-large\" alt=\"\" loading=\"lazy\" srcset=\"http:\/\/modeloqa.formaciondual.sems.gob.mx\/exitos\/wp-content\/uploads\/2020\/08\/DSFIndustrias.jpg 724w, http:\/\/modeloqa.formaciondual.sems.gob.mx\/exitos\/wp-content\/uploads\/2020\/08\/DSFIndustrias-300x148.jpg 300w\" sizes=\"(max-width: 640px) 100vw, 640px\" \/>\t\t\t\t\t\t\t\t\t\t\t<\/div>\n\t\t\t\t<\/div>\n\t\t\t\t<\/div>\n\t\t\t\t\t\t<\/div>\n\t\t\t<\/div>\n\t\t<\/div>\n\t\t\t\t<div class=\"elementor-element elementor-element-37c3ebb elementor-column elementor-col-16 elementor-top-column\" data-id=\"37c3ebb\" data-element_type=\"column\">\n\t\t\t<div class=\"elementor-column-wrap  elementor-element-populated\">\n\t\t\t\t\t<div class=\"elementor-widget-wrap\">\n\t\t\t\t<div class=\"elementor-element elementor-element-06bf2df elementor-widget elementor-widget-image\" data-id=\"06bf2df\" data-element_type=\"widget\" data-widget_type=\"image.default\">\n\t\t\t\t<div class=\"elementor-widget-container\">\n\t\t\t\t\t<div class=\"elementor-image\">\n\t\t\t\t\t\t\t\t\t\t<img width=\"640\" height=\"316\" src=\"http:\/\/modeloqa.formaciondual.sems.gob.mx\/exitos\/wp-content\/uploads\/2020\/08\/fastenal-1.png\" class=\"attachment-large size-large\" alt=\"\" loading=\"lazy\" srcset=\"http:\/\/modeloqa.formaciondual.sems.gob.mx\/exitos\/wp-content\/uploads\/2020\/08\/fastenal-1.png 724w, http:\/\/modeloqa.formaciondual.sems.gob.mx\/exitos\/wp-content\/uploads\/2020\/08\/fastenal-1-300x148.png 300w\" sizes=\"(max-width: 640px) 100vw, 640px\" \/>\t\t\t\t\t\t\t\t\t\t\t<\/div>\n\t\t\t\t<\/div>\n\t\t\t\t<\/div>\n\t\t\t\t\t\t<\/div>\n\t\t\t<\/div>\n\t\t<\/div>\n\t\t\t\t<div class=\"elementor-element elementor-element-2fa2130 elementor-column elementor-col-16 elementor-top-column\" data-id=\"2fa2130\" data-element_type=\"column\">\n\t\t\t<div class=\"elementor-column-wrap  elementor-element-populated\">\n\t\t\t\t\t<div class=\"elementor-widget-wrap\">\n\t\t\t\t<div class=\"elementor-element elementor-element-95822fa elementor-widget elementor-widget-image\" data-id=\"95822fa\" data-element_type=\"widget\" data-widget_type=\"image.default\">\n\t\t\t\t<div class=\"elementor-widget-container\">\n\t\t\t\t\t<div class=\"elementor-image\">\n\t\t\t\t\t\t\t\t\t\t<img width=\"640\" height=\"321\" src=\"http:\/\/modeloqa.formaciondual.sems.gob.mx\/exitos\/wp-content\/uploads\/2020\/08\/OdimOlben.png\" class=\"attachment-large size-large\" alt=\"\" loading=\"lazy\" srcset=\"http:\/\/modeloqa.formaciondual.sems.gob.mx\/exitos\/wp-content\/uploads\/2020\/08\/OdimOlben.png 714w, http:\/\/modeloqa.formaciondual.sems.gob.mx\/exitos\/wp-content\/uploads\/2020\/08\/OdimOlben-300x150.png 300w, http:\/\/modeloqa.formaciondual.sems.gob.mx\/exitos\/wp-content\/uploads\/2020\/08\/OdimOlben-600x300.png 600w\" sizes=\"(max-width: 640px) 100vw, 640px\" \/>\t\t\t\t\t\t\t\t\t\t\t<\/div>\n\t\t\t\t<\/div>\n\t\t\t\t<\/div>\n\t\t\t\t\t\t<\/div>\n\t\t\t<\/div>\n\t\t<\/div>\n\t\t\t\t<div class=\"elementor-element elementor-element-c84fc24 elementor-column elementor-col-16 elementor-top-column\" data-id=\"c84fc24\" data-element_type=\"column\">\n\t\t\t<div class=\"elementor-column-wrap  elementor-element-populated\">\n\t\t\t\t\t<div class=\"elementor-widget-wrap\">\n\t\t\t\t<div class=\"elementor-element elementor-element-77c8321 elementor-widget elementor-widget-image\" data-id=\"77c8321\" data-element_type=\"widget\" data-widget_type=\"image.default\">\n\t\t\t\t<div class=\"elementor-widget-container\">\n\t\t\t\t\t<div class=\"elementor-image\">\n\t\t\t\t\t\t\t\t\t\t<img width=\"640\" height=\"321\" src=\"http:\/\/modeloqa.formaciondual.sems.gob.mx\/exitos\/wp-content\/uploads\/2020\/08\/Logisena.png\" class=\"attachment-large size-large\" alt=\"\" loading=\"lazy\" srcset=\"http:\/\/modeloqa.formaciondual.sems.gob.mx\/exitos\/wp-content\/uploads\/2020\/08\/Logisena.png 714w, http:\/\/modeloqa.formaciondual.sems.gob.mx\/exitos\/wp-content\/uploads\/2020\/08\/Logisena-300x150.png 300w, http:\/\/modeloqa.formaciondual.sems.gob.mx\/exitos\/wp-content\/uploads\/2020\/08\/Logisena-600x300.png 600w\" sizes=\"(max-width: 640px) 100vw, 640px\" \/>\t\t\t\t\t\t\t\t\t\t\t<\/div>\n\t\t\t\t<\/div>\n\t\t\t\t<\/div>\n\t\t\t\t\t\t<\/div>\n\t\t\t<\/div>\n\t\t<\/div>\n\t\t\t\t<div class=\"elementor-element elementor-element-a811330 elementor-column elementor-col-16 elementor-top-column\" data-id=\"a811330\" data-element_type=\"column\">\n\t\t\t<div class=\"elementor-column-wrap  elementor-element-populated\">\n\t\t\t\t\t<div class=\"elementor-widget-wrap\">\n\t\t\t\t<div class=\"elementor-element elementor-element-a659c0b elementor-widget elementor-widget-image\" data-id=\"a659c0b\" data-element_type=\"widget\" data-widget_type=\"image.default\">\n\t\t\t\t<div class=\"elementor-widget-container\">\n\t\t\t\t\t<div class=\"elementor-image\">\n\t\t\t\t\t\t\t\t\t\t<img width=\"640\" height=\"293\" src=\"http:\/\/modeloqa.formaciondual.sems.gob.mx\/exitos\/wp-content\/uploads\/2020\/08\/Essity.jpg\" class=\"attachment-large size-large\" alt=\"\" loading=\"lazy\" srcset=\"http:\/\/modeloqa.formaciondual.sems.gob.mx\/exitos\/wp-content\/uploads\/2020\/08\/Essity.jpg 724w, http:\/\/modeloqa.formaciondual.sems.gob.mx\/exitos\/wp-content\/uploads\/2020\/08\/Essity-300x137.jpg 300w\" sizes=\"(max-width: 640px) 100vw, 640px\" \/>\t\t\t\t\t\t\t\t\t\t\t<\/div>\n\t\t\t\t<\/div>\n\t\t\t\t<\/div>\n\t\t\t\t\t\t<\/div>\n\t\t\t<\/div>\n\t\t<\/div>\n\t\t\t\t<div class=\"elementor-element elementor-element-606b585 elementor-column elementor-col-16 elementor-top-column\" data-id=\"606b585\" data-element_type=\"column\">\n\t\t\t<div class=\"elementor-column-wrap  elementor-element-populated\">\n\t\t\t\t\t<div class=\"elementor-widget-wrap\">\n\t\t\t\t<div class=\"elementor-element elementor-element-0bb6814 elementor-widget elementor-widget-image\" data-id=\"0bb6814\" data-element_type=\"widget\" data-widget_type=\"image.default\">\n\t\t\t\t<div class=\"elementor-widget-container\">\n\t\t\t\t\t<div class=\"elementor-image\">\n\t\t\t\t\t\t\t\t\t\t<img width=\"640\" height=\"321\" src=\"http:\/\/modeloqa.formaciondual.sems.gob.mx\/exitos\/wp-content\/uploads\/2020\/08\/Bombardier.jpg\" class=\"attachment-large size-large\" alt=\"\" loading=\"lazy\" srcset=\"http:\/\/modeloqa.formaciondual.sems.gob.mx\/exitos\/wp-content\/uploads\/2020\/08\/Bombardier.jpg 714w, http:\/\/modeloqa.formaciondual.sems.gob.mx\/exitos\/wp-content\/uploads\/2020\/08\/Bombardier-300x150.jpg 300w, http:\/\/modeloqa.formaciondual.sems.gob.mx\/exitos\/wp-content\/uploads\/2020\/08\/Bombardier-600x300.jpg 600w\" sizes=\"(max-width: 640px) 100vw, 640px\" \/>\t\t\t\t\t\t\t\t\t\t\t<\/div>\n\t\t\t\t<\/div>\n\t\t\t\t<\/div>\n\t\t\t\t\t\t<\/div>\n\t\t\t<\/div>\n\t\t<\/div>\n\t\t\t\t\t\t<\/div>\n\t\t\t<\/div>\n\t\t<\/section>\n\t\t\t\t\t\t<\/div>\n\t\t\t<\/div>\n\t\t<\/div>\n\t\t","protected":false},"excerpt":{"rendered":"<p>\u00c1reas Administraci\u00f3n de Recursos Humanos. Log\u00edstica. Programaci\u00f3n. Mecatr\u00f3nica. La Empresa ESSITY: Establece una beca para capacitar a cuatro alumnos del \u00e1rea de Mecatr\u00f3nica y adecua un \u00e1rea de capacitaci\u00f3n espec\u00edfica para los alumnos. La empresa MILAND: Otorga beca de capacitaci\u00f3n a dos alumnos del \u00e1rea de Mecatr\u00f3nica. BOMBARDIER: Oferta puesto de Jefatura de \u00e1rea Log\u00edstica&#8230;<\/p>\n","protected":false},"author":1,"featured_media":0,"parent":0,"menu_order":0,"comment_status":"closed","ping_status":"closed","template":"","meta":[],"_links":{"self":[{"href":"http:\/\/modeloqa.formaciondual.sems.gob.mx\/exitos\/wp-json\/wp\/v2\/pages\/458"}],"collection":[{"href":"http:\/\/modeloqa.formaciondual.sems.gob.mx\/exitos\/wp-json\/wp\/v2\/pages"}],"about":[{"href":"http:\/\/modeloqa.formaciondual.sems.gob.mx\/exitos\/wp-json\/wp\/v2\/types\/page"}],"author":[{"embeddable":true,"href":"http:\/\/modeloqa.formaciondual.sems.gob.mx\/exitos\/wp-json\/wp\/v2\/users\/1"}],"replies":[{"embeddable":true,"href":"http:\/\/modeloqa.formaciondual.sems.gob.mx\/exitos\/wp-json\/wp\/v2\/comments?post=458"}],"version-history":[{"count":49,"href":"http:\/\/modeloqa.formaciondual.sems.gob.mx\/exitos\/wp-json\/wp\/v2\/pages\/458\/revisions"}],"predecessor-version":[{"id":1374,"href":"http:\/\/modeloqa.formaciondual.sems.gob.mx\/exitos\/wp-json\/wp\/v2\/pages\/458\/revisions\/1374"}],"wp:attachment":[{"href":"http:\/\/modeloqa.formaciondual.sems.gob.mx\/exitos\/wp-json\/wp\/v2\/media?parent=458"}],"curies":[{"name":"wp","href":"https:\/\/api.w.org\/{rel}","templated":true}]}}